{"id":112,"date":"2021-08-08T23:30:27","date_gmt":"2021-08-08T20:30:27","guid":{"rendered":"https:\/\/koyuncufan.com\/?page_id=112"},"modified":"2021-08-15T14:32:13","modified_gmt":"2021-08-15T11:32:13","slug":"vizyon-misyon","status":"publish","type":"page","link":"https:\/\/koyuncufan.com\/index.php\/hakkimizda\/vizyon-misyon\/","title":{"rendered":"Vizyon &#038; Misyon"},"content":{"rendered":"\t\t<div data-elementor-type=\"wp-page\" data-elementor-id=\"112\" class=\"elementor elementor-112\" data-elementor-settings=\"[]\">\n\t\t\t\t\t\t\t<div class=\"elementor-section-wrap\">\n\t\t\t\t\t\t\t<section class=\"elementor-section elementor-top-section elementor-element elementor-element-187e6c2 elementor-section-full_width elementor-section-height-default elementor-section-height-default\" data-id=\"187e6c2\" data-element_type=\"section\" data-settings=\"{&quot;background_background&quot;:&quot;classic&quot;}\">\n\t\t\t\t\t\t<div class=\"elementor-container elementor-column-gap-default\">\n\t\t\t\t\t<div class=\"elementor-column elementor-col-100 elementor-top-column elementor-element elementor-element-52ed9f6\" data-id=\"52ed9f6\" data-element_type=\"column\" data-settings=\"{&quot;background_background&quot;:&quot;classic&quot;}\">\n\t\t\t<div class=\"elementor-widget-wrap elementor-element-populated\">\n\t\t\t\t\t\t\t\t<div class=\"elementor-element elementor-element-da3f807 elementor-widget elementor-widget-image\" data-id=\"da3f807\" data-element_type=\"widget\" data-widget_type=\"image.default\">\n\t\t\t\t<div class=\"elementor-widget-container\">\n\t\t\t\t\t\t\t\t\t\t\t\t\t\t\t<img loading=\"lazy\" decoding=\"async\" width=\"720\" height=\"300\" src=\"https:\/\/koyuncufan.com\/wp-content\/uploads\/2021\/08\/koyuncu-fan-havalandirma-vizyon-misyon-1024x427.jpg\" class=\"attachment-large size-large\" alt=\"\" srcset=\"https:\/\/koyuncufan.com\/wp-content\/uploads\/2021\/08\/koyuncu-fan-havalandirma-vizyon-misyon-1024x427.jpg 1024w, https:\/\/koyuncufan.com\/wp-content\/uploads\/2021\/08\/koyuncu-fan-havalandirma-vizyon-misyon-300x125.jpg 300w, https:\/\/koyuncufan.com\/wp-content\/uploads\/2021\/08\/koyuncu-fan-havalandirma-vizyon-misyon-768x320.jpg 768w, https:\/\/koyuncufan.com\/wp-content\/uploads\/2021\/08\/koyuncu-fan-havalandirma-vizyon-misyon.jpg 1057w\" sizes=\"auto, (max-width: 720px) 100vw, 720px\" \/>\t\t\t\t\t\t\t\t\t\t\t\t\t\t\t<\/div>\n\t\t\t\t<\/div>\n\t\t\t\t<div class=\"elementor-element elementor-element-9af6cfa elementor-widget elementor-widget-text-editor\" data-id=\"9af6cfa\" data-element_type=\"widget\" data-widget_type=\"text-editor.default\">\n\t\t\t\t<div class=\"elementor-widget-container\">\n\t\t\t\t\t\t\t<p><em><strong><span style=\"font-size: 17px;\">M\u0130SYON<\/span><\/strong><\/em><\/p><p>G\u00fcc\u00fcn\u00fc m\u00fc\u015fterilerimizin kendimize duydu\u011fu g\u00fcvenden alan, kaliteli ve kusursuz \u00fcr\u00fcnler ile m\u00fc\u015fteri ihtiya\u00e7lar\u0131na en h\u0131zl\u0131 ve tatminkar cevap verebilen k\u00f6kl\u00fc bir ge\u00e7mi\u015fe sahip, geli\u015fime ve de\u011fi\u015fime her zaman a\u00e7\u0131k teknolojisini her zaman yenileyen tek amac\u0131 m\u00fc\u015fteri memnuniyeti ile ilerleyen sekt\u00f6r\u00fcnde \u00f6nc\u00fc olmay\u0131 devam ettirmektir. M\u00fc\u015fterilerimize \u00fcr\u00fcn ve hizmetlerimizi, kalite anlay\u0131\u015f\u0131m\u0131zdan \u00f6d\u00fcn vermeden ve her seferinde insan, \u00e7evre ve do\u011fan\u0131n ya\u015fam d\u00fczenine katk\u0131da bulunarak sunmakt\u0131r.\u00a0<\/p><p>\u00a0<em><strong>V\u0130ZYON<\/strong><\/em><\/p><p>Vizyonumuz; y\u0131ll\u0131k b\u00fcy\u00fcme hedefiyle kendine g\u00fcvenen y\u0131llar\u0131n vermi\u015f oldu\u011fu tecr\u00fcbe ve m\u00fc\u015fterilerinin g\u00fcvenini kazanan firmam\u0131z ile \u00e7al\u0131\u015fmaya karar verenlerin\u00a0pi\u015fman olmad\u0131\u011f\u0131 \u00e7evre ve insan sa\u011fl\u0131\u011f\u0131na \u00f6nem veren b\u00f6lgemizin g\u00fc\u00e7l\u00fc bir firmas\u0131 ve markas\u0131 olmakt\u0131r.\u00a0S\u00fcrekli iyile\u015ftirme ve geli\u015ftirme politikalar\u0131yla \u00f6zde\u015fle\u015fen kaliteli y\u00f6netimi, deneyimli personeli ve en \u00f6nemlisi m\u00fc\u015fteri memnuniyeti anlay\u0131\u015f\u0131 ile\u00a0ilk akla gelen ve tercih edilen bir kurum olmakt\u0131r.\u00a0<\/p><p><!-- \/wp:paragraph --><!-- wp:paragraph {\"align\":\"left\"} --><\/p>\t\t\t\t\t\t<\/div>\n\t\t\t\t<\/div>\n\t\t\t\t\t<\/div>\n\t\t<\/div>\n\t\t\t\t\t\t\t<\/div>\n\t\t<\/section>\n\t\t\t\t\t\t<\/div>\n\t\t\t\t\t<\/div>\n\t\t","protected":false},"excerpt":{"rendered":"<p>M\u0130SYON G\u00fcc\u00fcn\u00fc m\u00fc\u015fterilerimizin kendimize duydu\u011fu g\u00fcvenden alan, kaliteli ve kusursuz \u00fcr\u00fcnler ile m\u00fc\u015fteri ihtiya\u00e7lar\u0131na en h\u0131zl\u0131 ve tatminkar cevap verebilen k\u00f6kl\u00fc bir ge\u00e7mi\u015fe sahip, geli\u015fime ve de\u011fi\u015fime her zaman a\u00e7\u0131k teknolojisini her zaman yenileyen tek amac\u0131 m\u00fc\u015fteri memnuniyeti ile ilerleyen sekt\u00f6r\u00fcnde \u00f6nc\u00fc olmay\u0131 devam ettirmektir. M\u00fc\u015fterilerimize \u00fcr\u00fcn ve hizmetlerimizi, kalite anlay\u0131\u015f\u0131m\u0131zdan \u00f6d\u00fcn vermeden ve her [&hellip;]<\/p>\n","protected":false},"author":1,"featured_media":0,"parent":10,"menu_order":1,"comment_status":"closed","ping_status":"closed","template":"elementor_header_footer","meta":{"om_disable_all_campaigns":false,"_monsterinsights_skip_tracking":false,"_monsterinsights_sitenote_active":false,"_monsterinsights_sitenote_note":"","_monsterinsights_sitenote_category":0,"footnotes":""},"class_list":["post-112","page","type-page","status-publish","hentry","post"],"aioseo_notices":[],"_links":{"self":[{"href":"https:\/\/koyuncufan.com\/index.php\/wp-json\/wp\/v2\/pages\/112","targetHints":{"allow":["GET"]}}],"collection":[{"href":"https:\/\/koyuncufan.com\/index.php\/wp-json\/wp\/v2\/pages"}],"about":[{"href":"https:\/\/koyuncufan.com\/index.php\/wp-json\/wp\/v2\/types\/page"}],"author":[{"embeddable":true,"href":"https:\/\/koyuncufan.com\/index.php\/wp-json\/wp\/v2\/users\/1"}],"replies":[{"embeddable":true,"href":"https:\/\/koyuncufan.com\/index.php\/wp-json\/wp\/v2\/comments?post=112"}],"version-history":[{"count":37,"href":"https:\/\/koyuncufan.com\/index.php\/wp-json\/wp\/v2\/pages\/112\/revisions"}],"predecessor-version":[{"id":583,"href":"https:\/\/koyuncufan.com\/index.php\/wp-json\/wp\/v2\/pages\/112\/revisions\/583"}],"up":[{"embeddable":true,"href":"https:\/\/koyuncufan.com\/index.php\/wp-json\/wp\/v2\/pages\/10"}],"wp:attachment":[{"href":"https:\/\/koyuncufan.com\/index.php\/wp-json\/wp\/v2\/media?parent=112"}],"curies":[{"name":"wp","href":"https:\/\/api.w.org\/{rel}","templated":true}]}}