{"id":11,"date":"2021-08-08T17:17:49","date_gmt":"2021-08-08T14:17:49","guid":{"rendered":"https:\/\/koyuncufan.com\/?page_id=11"},"modified":"2023-04-04T23:26:14","modified_gmt":"2023-04-04T20:26:14","slug":"referanslar","status":"publish","type":"page","link":"https:\/\/koyuncufan.com\/index.php\/referanslar\/","title":{"rendered":"Referanslar"},"content":{"rendered":"\t\t<div data-elementor-type=\"wp-page\" data-elementor-id=\"11\" class=\"elementor elementor-11\" data-elementor-settings=\"[]\">\n\t\t\t\t\t\t\t<div class=\"elementor-section-wrap\">\n\t\t\t\t\t\t\t<section class=\"elementor-section elementor-top-section elementor-element elementor-element-277c313 elementor-section-content-middle elementor-section-boxed elementor-section-height-default elementor-section-height-default\" data-id=\"277c313\" data-element_type=\"section\" data-settings=\"{&quot;background_background&quot;:&quot;classic&quot;,&quot;shape_divider_top&quot;:&quot;mountains&quot;,&quot;shape_divider_bottom&quot;:&quot;mountains&quot;}\">\n\t\t\t\t\t\t\t<div class=\"elementor-background-overlay\"><\/div>\n\t\t\t\t\t\t<div class=\"elementor-shape elementor-shape-top\" data-negative=\"false\">\n\t\t\t<svg xmlns=\"http:\/\/www.w3.org\/2000\/svg\" viewBox=\"0 0 1000 100\" preserveAspectRatio=\"none\">\n\t<path class=\"elementor-shape-fill\" opacity=\"0.33\" d=\"M473,67.3c-203.9,88.3-263.1-34-320.3,0C66,119.1,0,59.7,0,59.7V0h1000v59.7 c0,0-62.1,26.1-94.9,29.3c-32.8,3.3-62.8-12.3-75.8-22.1C806,49.6,745.3,8.7,694.9,4.7S492.4,59,473,67.3z\"\/>\n\t<path class=\"elementor-shape-fill\" opacity=\"0.66\" d=\"M734,67.3c-45.5,0-77.2-23.2-129.1-39.1c-28.6-8.7-150.3-10.1-254,39.1 s-91.7-34.4-149.2,0C115.7,118.3,0,39.8,0,39.8V0h1000v36.5c0,0-28.2-18.5-92.1-18.5C810.2,18.1,775.7,67.3,734,67.3z\"\/>\n\t<path class=\"elementor-shape-fill\" d=\"M766.1,28.9c-200-57.5-266,65.5-395.1,19.5C242,1.8,242,5.4,184.8,20.6C128,35.8,132.3,44.9,89.9,52.5C28.6,63.7,0,0,0,0 h1000c0,0-9.9,40.9-83.6,48.1S829.6,47,766.1,28.9z\"\/>\n<\/svg>\t\t<\/div>\n\t\t\t\t<div class=\"elementor-shape elementor-shape-bottom\" data-negative=\"false\">\n\t\t\t<svg xmlns=\"http:\/\/www.w3.org\/2000\/svg\" viewBox=\"0 0 1000 100\" preserveAspectRatio=\"none\">\n\t<path class=\"elementor-shape-fill\" opacity=\"0.33\" d=\"M473,67.3c-203.9,88.3-263.1-34-320.3,0C66,119.1,0,59.7,0,59.7V0h1000v59.7 c0,0-62.1,26.1-94.9,29.3c-32.8,3.3-62.8-12.3-75.8-22.1C806,49.6,745.3,8.7,694.9,4.7S492.4,59,473,67.3z\"\/>\n\t<path class=\"elementor-shape-fill\" opacity=\"0.66\" d=\"M734,67.3c-45.5,0-77.2-23.2-129.1-39.1c-28.6-8.7-150.3-10.1-254,39.1 s-91.7-34.4-149.2,0C115.7,118.3,0,39.8,0,39.8V0h1000v36.5c0,0-28.2-18.5-92.1-18.5C810.2,18.1,775.7,67.3,734,67.3z\"\/>\n\t<path class=\"elementor-shape-fill\" d=\"M766.1,28.9c-200-57.5-266,65.5-395.1,19.5C242,1.8,242,5.4,184.8,20.6C128,35.8,132.3,44.9,89.9,52.5C28.6,63.7,0,0,0,0 h1000c0,0-9.9,40.9-83.6,48.1S829.6,47,766.1,28.9z\"\/>\n<\/svg>\t\t<\/div>\n\t\t\t\t\t<div class=\"elementor-container elementor-column-gap-extended\">\n\t\t\t\t\t<div class=\"elementor-column elementor-col-66 elementor-top-column elementor-element elementor-element-1e7f6b48\" data-id=\"1e7f6b48\" data-element_type=\"column\">\n\t\t\t<div class=\"elementor-widget-wrap elementor-element-populated\">\n\t\t\t\t\t\t\t\t<div class=\"elementor-element elementor-element-7466fb1b animated-slow elementor-invisible elementor-widget elementor-widget-heading\" data-id=\"7466fb1b\" data-element_type=\"widget\" data-settings=\"{&quot;_animation&quot;:&quot;fadeIn&quot;}\" data-widget_type=\"heading.default\">\n\t\t\t\t<div class=\"elementor-widget-container\">\n\t\t\t<h2 class=\"elementor-heading-title elementor-size-default\">referaNslar\u0131m\u0131z<\/h2>\t\t<\/div>\n\t\t\t\t<\/div>\n\t\t\t\t<div class=\"elementor-element elementor-element-c4e2d1d elementor-invisible elementor-widget elementor-widget-text-editor\" data-id=\"c4e2d1d\" data-element_type=\"widget\" data-settings=\"{&quot;_animation&quot;:&quot;fadeInUp&quot;,&quot;_animation_delay&quot;:300}\" data-widget_type=\"text-editor.default\">\n\t\t\t\t<div class=\"elementor-widget-container\">\n\t\t\t\t\t\t\t<p>Uzun y\u0131llar\u0131n getirmi\u015f oldu\u011fu deneyim ve tecr\u00fcbe ile size daha iyiyi sunabilmek i\u00e7in varg\u00fcc\u00fcm\u00fczle \u00e7al\u0131\u015fmaktay\u0131z. \u00c7al\u0131\u015fm\u0131\u015f oldu\u011fumuz firmalara yapt\u0131\u011f\u0131m\u0131z i\u015flerde kaliteli ve kullan\u0131\u015fl\u0131 \u00fcr\u00fcnler sunmaktan ald\u0131\u011f\u0131m\u0131z keyifle daima daha ileriye&#8230;<\/p>\t\t\t\t\t\t<\/div>\n\t\t\t\t<\/div>\n\t\t\t\t\t<\/div>\n\t\t<\/div>\n\t\t\t\t<div class=\"elementor-column elementor-col-33 elementor-top-column elementor-element elementor-element-47fe50f9\" data-id=\"47fe50f9\" data-element_type=\"column\">\n\t\t\t<div class=\"elementor-widget-wrap elementor-element-populated\">\n\t\t\t\t\t\t\t\t<div class=\"elementor-element elementor-element-3c18888 elementor-align-right elementor-tablet-align-center elementor-widget elementor-widget-button\" data-id=\"3c18888\" data-element_type=\"widget\" data-widget_type=\"button.default\">\n\t\t\t\t<div class=\"elementor-widget-container\">\n\t\t\t\t\t<div class=\"elementor-button-wrapper\">\n\t\t\t<a href=\"https:\/\/koyuncufan.com\/index.php\/hakkimizda\/\" target=\"_blank\" class=\"elementor-button-link elementor-button elementor-size-lg\" role=\"button\">\n\t\t\t\t\t\t<span class=\"elementor-button-content-wrapper\">\n\t\t\t\t\t\t<span class=\"elementor-button-text\">HAkk\u0131m\u0131zda<\/span>\n\t\t<\/span>\n\t\t\t\t\t<\/a>\n\t\t<\/div>\n\t\t\t\t<\/div>\n\t\t\t\t<\/div>\n\t\t\t\t\t<\/div>\n\t\t<\/div>\n\t\t\t\t\t\t\t<\/div>\n\t\t<\/section>\n\t\t\t\t<section class=\"elementor-section elementor-top-section elementor-element elementor-element-2dda79fa elementor-section-boxed elementor-section-height-default elementor-section-height-default\" data-id=\"2dda79fa\" data-element_type=\"section\" data-settings=\"{&quot;background_background&quot;:&quot;classic&quot;}\">\n\t\t\t\t\t\t<div class=\"elementor-container elementor-column-gap-no\">\n\t\t\t\t\t<div class=\"elementor-column elementor-col-100 elementor-top-column elementor-element elementor-element-d779852\" data-id=\"d779852\" data-element_type=\"column\">\n\t\t\t<div class=\"elementor-widget-wrap elementor-element-populated\">\n\t\t\t\t\t\t\t\t<section class=\"elementor-section elementor-inner-section elementor-element elementor-element-6a73ee8e elementor-section-boxed elementor-section-height-default elementor-section-height-default\" data-id=\"6a73ee8e\" data-element_type=\"section\">\n\t\t\t\t\t\t<div class=\"elementor-container elementor-column-gap-extended\">\n\t\t\t\t\t<div class=\"elementor-column elementor-col-50 elementor-inner-column elementor-element elementor-element-30447189\" data-id=\"30447189\" data-element_type=\"column\">\n\t\t\t<div class=\"elementor-widget-wrap elementor-element-populated\">\n\t\t\t\t\t\t\t\t<div class=\"elementor-element elementor-element-51359d6d elementor-widget elementor-widget-text-editor\" data-id=\"51359d6d\" data-element_type=\"widget\" data-widget_type=\"text-editor.default\">\n\t\t\t\t<div class=\"elementor-widget-container\">\n\t\t\t\t\t\t\t<ul><li>HASAN KULU A.\u015e.<\/li><li>\u00c7AYIROVA REMORK TARIM TREYLER EK\u0130PMANLARI<\/li><li>KONYA B\u0130L\u0130M MERKEZ\u0130<\/li><li>K\u00dcNKAR D\u00d6K\u00dcM A.\u015e.<\/li><li>NURD\u00d6KSAN\u00a0<\/li><li>ARD ARDEM\u0130R<\/li><li>AKMERSAN D\u00d6K\u00dcM\u00a0<\/li><li>DEM\u0130RKARDE\u015eLER D\u00d6K\u00dcM<\/li><li>VERDOR\u00a0 KAPI<\/li><li>TERMORAD SSG AL\u0130M\u0130NYUM<\/li><li>MAKAM DEKOR\u00a0<\/li><li>BEYAZLI GRUP<\/li><li>KURTULU\u015e KERESTE ORMAN \u00dcR\u00dcNLER\u0130\u00a0<\/li><li>KORMERSAN TARIM\u00a0<\/li><li>YETERO\u011eLU ORMAN \u00dcR\u00dcNLER\u0130<\/li><li>AKG\u00dcL KALIP<\/li><li>\u00d6ZKAN PLAST\u0130K\u00a0<\/li><li>Z\u0130RVE DEKOR<\/li><li>S\u0130VR\u0130KAYA MOB\u0130LYA<\/li><li>AGROTOL\u0130A G\u00dcBRE<\/li><li>MAYDOOR KAPI<\/li><li>MODEKON MOB\u0130LYA<\/li><li>RAB\u0130 MOB\u0130LYA<\/li><li>BOTSA KERESTE<\/li><li>UYAR KERESTE<\/li><li>ART END\u00dcSTR\u0130<\/li><li>ANDI\u00c7 PELET<\/li><li>GERKERSAN A.\u015e.<\/li><li>HEMKO H\u0130DROL\u0130K<\/li><li>M\u0130KRON H\u0130DROL\u0130K<\/li><li>ESLEM MOB\u0130LYA<\/li><li>MEKA ORMAN \u00dcR\u00dcNLER\u0130<\/li><li>YAMANLAR ORMAN \u00dcR\u00dcNLER\u0130<\/li><li>OKTUT STARWOOD SUNTA<\/li><li>YAL\u00c7INLAR AH\u015eAP<\/li><li>TANO\u011eLU MOB\u0130LYA<\/li><li>REKOR MUTFAK<\/li><li>SAHAP KAPI<\/li><li>\u00c7INAR DEKORASYON<\/li><\/ul>\t\t\t\t\t\t<\/div>\n\t\t\t\t<\/div>\n\t\t\t\t\t<\/div>\n\t\t<\/div>\n\t\t\t\t<div class=\"elementor-column elementor-col-50 elementor-inner-column elementor-element elementor-element-3927a9b9\" data-id=\"3927a9b9\" data-element_type=\"column\">\n\t\t\t<div class=\"elementor-widget-wrap elementor-element-populated\">\n\t\t\t\t\t\t\t\t<div class=\"elementor-element elementor-element-39a3650f elementor-widget elementor-widget-text-editor\" data-id=\"39a3650f\" data-element_type=\"widget\" data-widget_type=\"text-editor.default\">\n\t\t\t\t<div class=\"elementor-widget-container\">\n\t\t\t\t\t\t\t<ul><li>AKDOOR<\/li><li>EFE ORMAN \u00dcR\u00dcNLER\u0130<\/li><li>KENZEL B\u00dcRO MOB\u0130LYALARI<\/li><li>YEN\u0130AY AYAKKABI<\/li><li>KILIN\u00c7LAR UN YEM FABR\u0130KASI<\/li><li>ALTINDA\u011e KERESTE<\/li><li>SALUR HELVA<\/li><li>SABIRLAR HELVA<\/li><li>\u00d6\u00c7AL KARDE\u015eLER OTOMOT\u0130V<\/li><li>L\u0130NPAR MOTOR G\u00d6MLEK<\/li><li>KONTAM\u0130NE GER\u0130 D\u00d6N\u00dc\u015e\u00dcM<\/li><li>KELE\u00c7 V\u0130N\u00c7<\/li><li>BATMAN BE\u015e\u0130R\u0130 TARIM \u0130L M\u00dcD.<\/li><li>SARAY DOOR<\/li><li>POLATO\u011eLU KERESTE<\/li><li>ALA KAPI<\/li><li>ACETLER KOYUNCU K\u00d6M\u00dcR<\/li><li>ANDI\u00c7 PALET<\/li><li>\u00c7OBANO\u011eLU G\u00dcBRE<\/li><li>ACI\u00d6Z RAF\u0130NASYON TES\u0130S\u0130<\/li><li>ARK STAT\u0130K BOYA<\/li><li>KONFUL B\u00dcRO MOB\u0130LYALARI<\/li><li>HAK\u0130MO\u011eULLARI D\u00d6K\u00dcM<\/li><li>KALAYCIO\u011eLU TAH\u0130N<\/li><li style=\"font-size: 14px;\">TEZELLER MOB\u0130LYA<\/li><li style=\"font-size: 14px;\">NECAT\u0130 I\u015eIK MOB\u0130LYA<\/li><li style=\"font-size: 14px;\">DELTA MOB\u0130LYA<\/li><li style=\"font-size: 14px;\">MOB\u0130KENT MOB\u0130LYA<\/li><li style=\"font-size: 14px;\">Z\u0130RVE CNC KES\u0130M<\/li><li style=\"font-size: 14px;\">DEKORANS MOB\u0130LYA<\/li><li>PA\u015eAPARKI BAH\u00c7E MOB\u0130LYALARI<\/li><li>\u015eANVER ORMAN \u00dcR\u00dcNLER\u0130<\/li><li>KONFULL MOB\u0130LYA<\/li><li>GE\u00c7GEL OTO YEDEK PAR\u00c7A<\/li><li>B\u0130RLE\u015e\u0130M D\u00d6K\u00dcM<\/li><li>YEN\u0130 AY D\u00d6K\u00dcM<\/li><li style=\"font-size: 14px;\">KYS RULMAN<\/li><li>\u00a0HASEL DOOR<\/li><li>YETK\u0130NLER KERESTE<\/li><\/ul>\t\t\t\t\t\t<\/div>\n\t\t\t\t<\/div>\n\t\t\t\t\t<\/div>\n\t\t<\/div>\n\t\t\t\t\t\t\t<\/div>\n\t\t<\/section>\n\t\t\t\t\t<\/div>\n\t\t<\/div>\n\t\t\t\t\t\t\t<\/div>\n\t\t<\/section>\n\t\t\t\t\t\t<\/div>\n\t\t\t\t\t<\/div>\n\t\t","protected":false},"excerpt":{"rendered":"<p>referaNslar\u0131m\u0131z Uzun y\u0131llar\u0131n getirmi\u015f oldu\u011fu deneyim ve tecr\u00fcbe ile size daha iyiyi sunabilmek i\u00e7in varg\u00fcc\u00fcm\u00fczle \u00e7al\u0131\u015fmaktay\u0131z. \u00c7al\u0131\u015fm\u0131\u015f oldu\u011fumuz firmalara yapt\u0131\u011f\u0131m\u0131z i\u015flerde kaliteli ve kullan\u0131\u015fl\u0131 \u00fcr\u00fcnler sunmaktan ald\u0131\u011f\u0131m\u0131z keyifle daima daha ileriye&#8230; HAkk\u0131m\u0131zda HASAN KULU A.\u015e. \u00c7AYIROVA REMORK TARIM TREYLER EK\u0130PMANLARI KONYA B\u0130L\u0130M MERKEZ\u0130 K\u00dcNKAR D\u00d6K\u00dcM A.\u015e. NURD\u00d6KSAN\u00a0 ARD ARDEM\u0130R AKMERSAN D\u00d6K\u00dcM\u00a0 DEM\u0130RKARDE\u015eLER D\u00d6K\u00dcM VERDOR\u00a0 KAPI [&hellip;]<\/p>\n","protected":false},"author":1,"featured_media":0,"parent":0,"menu_order":0,"comment_status":"closed","ping_status":"closed","template":"elementor_header_footer","meta":{"om_disable_all_campaigns":false,"_monsterinsights_skip_tracking":false,"_monsterinsights_sitenote_active":false,"_monsterinsights_sitenote_note":"","_monsterinsights_sitenote_category":0,"footnotes":""},"class_list":["post-11","page","type-page","status-publish","hentry","post"],"aioseo_notices":[],"_links":{"self":[{"href":"https:\/\/koyuncufan.com\/index.php\/wp-json\/wp\/v2\/pages\/11","targetHints":{"allow":["GET"]}}],"collection":[{"href":"https:\/\/koyuncufan.com\/index.php\/wp-json\/wp\/v2\/pages"}],"about":[{"href":"https:\/\/koyuncufan.com\/index.php\/wp-json\/wp\/v2\/types\/page"}],"author":[{"embeddable":true,"href":"https:\/\/koyuncufan.com\/index.php\/wp-json\/wp\/v2\/users\/1"}],"replies":[{"embeddable":true,"href":"https:\/\/koyuncufan.com\/index.php\/wp-json\/wp\/v2\/comments?post=11"}],"version-history":[{"count":112,"href":"https:\/\/koyuncufan.com\/index.php\/wp-json\/wp\/v2\/pages\/11\/revisions"}],"predecessor-version":[{"id":1208,"href":"https:\/\/koyuncufan.com\/index.php\/wp-json\/wp\/v2\/pages\/11\/revisions\/1208"}],"wp:attachment":[{"href":"https:\/\/koyuncufan.com\/index.php\/wp-json\/wp\/v2\/media?parent=11"}],"curies":[{"name":"wp","href":"https:\/\/api.w.org\/{rel}","templated":true}]}}