{"id":10,"date":"2021-08-08T17:17:14","date_gmt":"2021-08-08T14:17:14","guid":{"rendered":"https:\/\/koyuncufan.com\/?page_id=10"},"modified":"2021-10-08T22:29:05","modified_gmt":"2021-10-08T19:29:05","slug":"hakkimizda","status":"publish","type":"page","link":"https:\/\/koyuncufan.com\/index.php\/hakkimizda\/","title":{"rendered":"Hakk\u0131m\u0131zda"},"content":{"rendered":"\t\t<div data-elementor-type=\"wp-page\" data-elementor-id=\"10\" class=\"elementor elementor-10\" data-elementor-settings=\"[]\">\n\t\t\t\t\t\t\t<div class=\"elementor-section-wrap\">\n\t\t\t\t\t\t\t<section class=\"elementor-section elementor-top-section elementor-element elementor-element-6ba528b7 elementor-section-height-min-height elementor-section-content-bottom elementor-section-boxed elementor-section-height-default elementor-section-items-middle\" data-id=\"6ba528b7\" data-element_type=\"section\" data-settings=\"{&quot;background_background&quot;:&quot;classic&quot;}\">\n\t\t\t\t\t\t\t<div class=\"elementor-background-overlay\"><\/div>\n\t\t\t\t\t\t\t<div class=\"elementor-container elementor-column-gap-no\">\n\t\t\t\t\t<div class=\"elementor-column elementor-col-100 elementor-top-column elementor-element elementor-element-12f86748\" data-id=\"12f86748\" data-element_type=\"column\">\n\t\t\t<div class=\"elementor-widget-wrap elementor-element-populated\">\n\t\t\t\t\t\t\t\t<div class=\"elementor-element elementor-element-f63f99b animated-slow elementor-invisible elementor-widget elementor-widget-heading\" data-id=\"f63f99b\" data-element_type=\"widget\" data-settings=\"{&quot;_animation&quot;:&quot;fadeInUp&quot;,&quot;_animation_delay&quot;:100}\" data-widget_type=\"heading.default\">\n\t\t\t\t<div class=\"elementor-widget-container\">\n\t\t\t<h2 class=\"elementor-heading-title elementor-size-default\">HAKKIMIZDA<\/h2>\t\t<\/div>\n\t\t\t\t<\/div>\n\t\t\t\t<div class=\"elementor-element elementor-element-4b1ff535 animated-slow elementor-invisible elementor-widget elementor-widget-text-editor\" data-id=\"4b1ff535\" data-element_type=\"widget\" data-settings=\"{&quot;_animation&quot;:&quot;fadeInUp&quot;,&quot;_animation_delay&quot;:100}\" data-widget_type=\"text-editor.default\">\n\t\t\t\t<div class=\"elementor-widget-container\">\n\t\t\t\t\t\t\t<div class=\"elementor-element elementor-element-ebd2166 elementor-widget elementor-widget-text-editor\" data-id=\"ebd2166\" data-element_type=\"widget\" data-widget_type=\"text-editor.default\">\n<div class=\"elementor-widget-container\">\n<h1><strong style=\"font-size: 16px;\">\u00a0<\/strong><\/h1>\n<h1><strong style=\"font-size: 16px;\">Koyuncu Fan Havaland\u0131rma ve Toz Toplama sistemleri<\/strong><span style=\"font-size: 16px;\">\u00a0olarak;\u00a0<\/span><\/h1>\n<\/div>\n<\/div>\n<div class=\"elementor-element elementor-element-980e56e elementor-widget elementor-widget-text-editor\" data-id=\"980e56e\" data-element_type=\"widget\" data-widget_type=\"text-editor.default\">\n<div class=\"elementor-widget-container\">\n<p>Proje ve i\u015f olu\u015fum s\u00fcre\u00e7lerinde \u00f6nceli\u011fimiz insan sa\u011fl\u0131\u011f\u0131d\u0131r. At\u00f6lye ve fabrikalarda daha sa\u011fl\u0131kl\u0131 ve iyi \u00e7al\u0131\u015fma \u015fartlar\u0131 insanlar\u0131n kendilerini daha mutlu hissetmelerini sa\u011flar. Sa\u011fl\u0131kl\u0131 ve mutlu bireyler daha verimli \u00e7al\u0131\u015f\u0131rlar. Daha verimli \u00e7al\u0131\u015fmalar\u0131 ko\u015fullar\u0131 ise, \u00e7al\u0131\u015fmalardan elde edilen kar\u0131n artmas\u0131 demektir.<\/p>\n<p>\u00a0<\/p>\n<p><strong>KOYUNCU FAN Havaland\u0131rma ve toz toplama sistemleri<\/strong>\u00a0olarak \u00fcretimin her alan\u0131nda kaliteli \u00fcr\u00fcnler ve faydal\u0131 \u00e7\u00f6z\u00fcmler \u00fcreterek, firman\u0131z ve \u00e7al\u0131\u015fanlar\u0131n\u0131z i\u00e7in daha sa\u011fl\u0131kl\u0131 ko\u015fullar olu\u015fturmaya devam edece\u011fiz.uzman kadrosu ve uzun y\u0131llara dayanan tecr\u00fcbesiyle ihtiyac durumuna g\u00f6re en g\u00fczel ve ki\u015fiye \u00f6zel \u00e7al\u0131\u015fmalar ile\u00a0<strong>fan ve havaland\u0131rma<\/strong>\u00a0filtre i\u015flerinde uzman bir firmad\u0131r.<\/p>\n<p>M\u00fc\u015fterinin ihtiya\u00e7lar\u0131na en iyi ve en h\u0131zl\u0131 \u015fekilde cevap vermeye \u00f6zen g\u00f6steren firmam\u0131zm\u00fc\u015fteri memnuniyetini en \u00fcst seviyede tutmaya da en \u00fcst d\u00fczeyde \u00f6nem vermektedir.<\/p>\n<p>Sizler \u0130\u00e7in En \u0130yisini \u00dcretmeye Haz\u0131r\u0131z\u2026<\/p>\n<p>M\u00fc\u015fterilerimizin zaman\u0131na ve haklar\u0131na sayg\u0131 duymak.\u00a0\u00c7al\u0131\u015fanlar\u0131m\u0131z\u0131n tatmini ve moral de\u011ferlerini artt\u0131rmak.\u0130nsanl\u0131\u011fa, \u00e7evreye ve evrensel de\u011ferlere olan sorumluluklar\u0131m\u0131z\u0131 yerine getirmek, bilgi \u00e7a\u011f\u0131n\u0131n getirdi\u011fi yeni ve ka\u00e7\u0131n\u0131lmaz ger\u00e7ekler do\u011frultusunda, \u00e7\u00f6z\u00fcm orta\u011f\u0131 kimli\u011fi ile,i\u015fletmelerin ihtiya\u00e7lar\u0131na g\u00f6rerek bakmak ve anlayarak \u00e7\u00f6zmek i\u00e7in y\u00f6nlendirici ve y\u00f6netici \u00e7al\u0131\u015fmalar\u0131\u00a0dan\u0131\u015fmanl\u0131k esaslar\u0131 \u0131\u015f\u0131\u011f\u0131nda ger\u00e7ekle\u015ftirmek..<\/p>\n<\/div>\n<\/div>\t\t\t\t\t\t<\/div>\n\t\t\t\t<\/div>\n\t\t\t\t\t<\/div>\n\t\t<\/div>\n\t\t\t\t\t\t\t<\/div>\n\t\t<\/section>\n\t\t\t\t<section class=\"elementor-section elementor-top-section elementor-element elementor-element-e0a429a elementor-section-boxed elementor-section-height-default elementor-section-height-default\" data-id=\"e0a429a\" data-element_type=\"section\">\n\t\t\t\t\t\t<div class=\"elementor-container elementor-column-gap-default\">\n\t\t\t\t\t<div class=\"elementor-column elementor-col-100 elementor-top-column elementor-element elementor-element-eb15e17\" data-id=\"eb15e17\" data-element_type=\"column\">\n\t\t\t<div class=\"elementor-widget-wrap elementor-element-populated\">\n\t\t\t\t\t\t\t\t<div class=\"elementor-element elementor-element-8fd75b0 elementor-widget elementor-widget-text-editor\" data-id=\"8fd75b0\" data-element_type=\"widget\" data-widget_type=\"text-editor.default\">\n\t\t\t\t<div class=\"elementor-widget-container\">\n\t\t\t\t\t\t\t[instagram-feed]\t\t\t\t\t\t<\/div>\n\t\t\t\t<\/div>\n\t\t\t\t\t<\/div>\n\t\t<\/div>\n\t\t\t\t\t\t\t<\/div>\n\t\t<\/section>\n\t\t\t\t\t\t<\/div>\n\t\t\t\t\t<\/div>\n\t\t","protected":false},"excerpt":{"rendered":"<p>HAKKIMIZDA \u00a0 Koyuncu Fan Havaland\u0131rma ve Toz Toplama sistemleri\u00a0olarak;\u00a0 Proje ve i\u015f olu\u015fum s\u00fcre\u00e7lerinde \u00f6nceli\u011fimiz insan sa\u011fl\u0131\u011f\u0131d\u0131r. At\u00f6lye ve fabrikalarda daha sa\u011fl\u0131kl\u0131 ve iyi \u00e7al\u0131\u015fma \u015fartlar\u0131 insanlar\u0131n kendilerini daha mutlu hissetmelerini sa\u011flar. Sa\u011fl\u0131kl\u0131 ve mutlu bireyler daha verimli \u00e7al\u0131\u015f\u0131rlar. Daha verimli \u00e7al\u0131\u015fmalar\u0131 ko\u015fullar\u0131 ise, \u00e7al\u0131\u015fmalardan elde edilen kar\u0131n artmas\u0131 demektir. \u00a0 KOYUNCU FAN Havaland\u0131rma ve [&hellip;]<\/p>\n","protected":false},"author":1,"featured_media":0,"parent":0,"menu_order":0,"comment_status":"closed","ping_status":"closed","template":"elementor_header_footer","meta":{"om_disable_all_campaigns":false,"_monsterinsights_skip_tracking":false,"_monsterinsights_sitenote_active":false,"_monsterinsights_sitenote_note":"","_monsterinsights_sitenote_category":0,"footnotes":""},"class_list":["post-10","page","type-page","status-publish","hentry","post"],"aioseo_notices":[],"_links":{"self":[{"href":"https:\/\/koyuncufan.com\/index.php\/wp-json\/wp\/v2\/pages\/10","targetHints":{"allow":["GET"]}}],"collection":[{"href":"https:\/\/koyuncufan.com\/index.php\/wp-json\/wp\/v2\/pages"}],"about":[{"href":"https:\/\/koyuncufan.com\/index.php\/wp-json\/wp\/v2\/types\/page"}],"author":[{"embeddable":true,"href":"https:\/\/koyuncufan.com\/index.php\/wp-json\/wp\/v2\/users\/1"}],"replies":[{"embeddable":true,"href":"https:\/\/koyuncufan.com\/index.php\/wp-json\/wp\/v2\/comments?post=10"}],"version-history":[{"count":106,"href":"https:\/\/koyuncufan.com\/index.php\/wp-json\/wp\/v2\/pages\/10\/revisions"}],"predecessor-version":[{"id":1129,"href":"https:\/\/koyuncufan.com\/index.php\/wp-json\/wp\/v2\/pages\/10\/revisions\/1129"}],"wp:attachment":[{"href":"https:\/\/koyuncufan.com\/index.php\/wp-json\/wp\/v2\/media?parent=10"}],"curies":[{"name":"wp","href":"https:\/\/api.w.org\/{rel}","templated":true}]}}